{"id":3,"date":"2018-05-21T08:34:07","date_gmt":"2018-05-21T08:34:07","guid":{"rendered":"https:\/\/coliphages.com\/?page_id=3"},"modified":"2018-08-28T09:54:38","modified_gmt":"2018-08-28T09:54:38","slug":"privacy","status":"publish","type":"page","link":"https:\/\/coliphages.com\/index.php\/privacy\/","title":{"rendered":"Privacy"},"content":{"rendered":"<p>[et_pb_section fb_built=&#8221;1&#8243; admin_label=&#8221;section&#8221; _builder_version=&#8221;3.0.47&#8243;][et_pb_row admin_label=&#8221;row&#8221; _builder_version=&#8221;3.0.48&#8243; background_size=&#8221;initial&#8221; background_position=&#8221;top_left&#8221; background_repeat=&#8221;repeat&#8221; custom_padding=&#8221;25.15px|0px|0|0px|false|false&#8221;][et_pb_column type=&#8221;4_4&#8243; _builder_version=&#8221;3.0.47&#8243; parallax=&#8221;off&#8221; parallax_method=&#8221;on&#8221;][et_pb_text admin_label=&#8221;Text&#8221; _builder_version=&#8221;3.12.1&#8243; background_size=&#8221;initial&#8221; background_position=&#8221;top_left&#8221; background_repeat=&#8221;repeat&#8221; text_font_size=&#8221;17px&#8221; text_line_height=&#8221;1.3em&#8221; header_font_size=&#8221;41px&#8221; text_font=&#8221;||||||||&#8221; header_font=&#8221;|800|||||||&#8221;]<\/p>\n<h1>Privacy Policy<\/h1>\n<p>In compliance with Chapter II of Act 34\/2002, LSSICE, we inform you that this Website is the property of <strong>BLUEPHAGE SL<\/strong>, henceforth also of the Provider, with address in C\/ Gav\u00e0 4, 2-2a, 08820 el Prat de Llobregat (Barcelona), and email: <strong>info@bluephage.com<\/strong>.<\/p>\n<p><strong>BLUEPHAGE SL<\/strong>, is responsible for this Website and in accordance with the provisions of current regulations on the protection of personal data, Regulation (EU) 2016\/679 as of April 27, 2016 (GDPR) on the Protection of Personal Data, with regard to the processing of personal data and the free circulation of said data, Spanish Organic Law 15\/1999, as of December 13, Protection of Personal Data (LOPD) and Law 34\/2002, as of 11 July, of the Information Society and Electronic Commerce Services (LSSICE), has implemented all security measures, both technical and organizational, established by the Spanish Royal Decree 1720\/2007 of December 21 (which develops the LOPD) to guarantee and protect confidentiality, integrity, and availability of the data entered.<\/p>\n<p>For the purposes of the provisions of the LOPD, <strong>BLUEPHAGE SL<\/strong> informs you that the information you are voluntarily providing us will be incorporated into our information systems in order to carry out the necessary commercial and administrative procedures with website users. The operations foreseen to be carried out are as follows: respond to inquiries and\/or provide information requested by the User; perform the provision of services and\/or products contracted or subscribed to by the User; carry out all those activities of <strong>BLUEPHAGE SL<\/strong> described in this legal notice, and submit the website newsletter.<\/p>\n<p>The signer guarantees the veracity of data provided and undertakes the need to communicate any changes that may occur in them.<\/p>\n<p>The Provider, marked by an asterisk (*) in the corresponding boxes of the contact form, informs the User of these obligations, indicating what data is necessary. By indicating and entering the data, the User grants unambiguous consent to <strong>BLUEPHAGE SL<\/strong> to proceed with the processing of said data provided for the purposes previously mentioned.<\/p>\n<p>Failure to provide the requested personal data or failure to accept this data protection policy means that it is impossible to subscribe, register, or receive information about the Provider&#8217;s products and services.<\/p>\n<p>In accordance with the regulations in force regarding the protection of personal data, the Provider is complying with all the provisions of the regulations GDPR and LOPD for the treatment of personal data in their responsibility, markedly with the principles described in Article 5 of the RGPD and to Article 4 of the LOPD, by which they are treated in a lawful, loyal and transparent manner in relation to the interested party and adequate, relevant, and limited to what is necessary in relation to the purposes for which they are treated.<\/p>\n<p>The DATA CONTROLLER guarantees that he has implemented appropriate technical and organizational policies to apply the security measures established by the GDPR and the LOPD to protect the rights and freedoms of the Users.<\/p>\n<p>In accordance with these regulations, then, we inform you that you have the right to request access, rectification, portability, and deletion of your data and the limitation and opposition to your treatment by contacting a C\/ Gav\u00e0 4, 2-2a, 08820 el Prat de Llobregat (Barcelona), and email: <strong>info@bluephage.com<\/strong>.indicating as Subject: &#8220;LOPD, ARCO Rights&#8221;, and attaching a photocopy of your ID or any similar legal identification, as indicated by law. You have the right to withdraw the consent given at any time. The withdrawal of consent will not affect the lawfulness of the treatment carried out before the withdrawal of consent. You also have the right to submit a claim to the supervisory authority if you believe that your rights may have been violated in relation to the protection of your data (agpd.es).<\/p>\n<h3><strong>CONFIDENTIALITY AND TRANSFER OF DATA TO THIRD PARTIES<\/strong><\/h3>\n<p>The information you provide will be treated confidentially. The Provider has adopted all the technical and organizational measures and all the levels of protection necessary to guarantee the security in the treatment of the data and to avoid its alteration, loss, theft, treatment, or unauthorized access, according to the state of technology and nature of the stored data. Likewise, it is also guaranteed that the treatment and registration in files, programs, systems or equipment, premises, and centers comply with the requirements and conditions of integrity and security as established in the current regulations.<\/p>\n<p><strong>BLUEPHAGE SL<\/strong> will not transfer personal data to third parties, except by legal obligation. However, in the case of being transferred to a third party, information would be prior obtained by the User requesting the express consent for such assignment. The entity responsible for the database, as well as those that intervene in any phase of the treatment, and\/or the entities to which they have been notified, -in any case always with the corresponding authorization granted by the user-, are obligated to observe professional secrecy, the adoption of protection levels, as well as technical and organizational measures necessary to ensure the security of personal data, avoiding, as far as possible, unauthorized access, illegal modifications, subtractions and\/or loss of data, in order to ensure the corresponding level of security of the Providers\u2019 files, according to the nature and sensitivity of the data provided by the users of this Website.<\/p>\n<h3><strong>ACCEPTANCE AND CONSENT<\/strong><\/h3>\n<p>The User declares to have been informed of the conditions regarding the protection of personal data, accepting and consenting to the automatic treatment of the same by <strong>BLUEPHAGE SL<\/strong> in the manner and for the purposes indicated in this Policy of Protection of Personal Data.<\/p>\n<p>Through this Privacy Policy we inform you that the photographs that are posted on the website are the property of <strong>BLUEPHAGE SL<\/strong>, including those of minors, of which, in order to obtain these, prior consent has been obtained from parents, tutors, or legal representatives by signing the forms made for that purpose by the centers in which the minors are part of. However, the parents, guardians, or representatives of the minors, as legal holders of the exercise of rights of previously mentioned minors, and always providing a previous formal request in writing, may indicate the refusal to use the image of the minor; in this case, the image will be shown in a pixelated form.<\/p>\n<h3><strong>ACCURACY AND TRUTHFULNESS OF DATA<\/strong><\/h3>\n<p>The User is solely responsible for the accuracy and veracity of the data sent to <strong>BLUEPHAGE SL<\/strong>, exonerating the Provider of any responsibility in this respect. Users guarantee and are held liable, in any case, regarding the accuracy, validity, and authenticity of the personal data provided, and undertake to keep the data provided properly updated. The User agrees to provide complete and correct information in the registration or subscription form.<\/p>\n<h3><strong>CONTENT OF WEBLINKS<\/strong><\/h3>\n<p><strong>BLUEPHAGE SL<\/strong> reserves the right to update, modify, or eliminate the information contained in the website, and may even limit or refuse access to information.<\/p>\n<p><strong>BLUEPHAGE SL<\/strong> does not assume any type of responsibility for the information contained in the websites of third parties that can be accessed through the links from any Web age owned by the Provider.<\/p>\n<p>The presences of links are for informational purposes only and in no case does it imply any suggestion, invitation, or acknowledgment regarding them.<\/p>\n<h3><strong>SUBMITTING OF CV (CURRICULUM VITAE) <\/strong><\/h3>\n<p>In the event that the User submits his CV through our website, we inform them that the information provided will be treated to make them participant in the selection processes that may exist, carrying out an analysis of the applicant&#8217;s profile in order to select the best candidate for the vacancy of the Responsible. We inform you that this is the only official procedure to accept your CV, so CVs submitted by another procedure will not be accepted. In case of any change in the data, please inform us in writing as soon as possible, in order to keep your data properly updated.<\/p>\n<p>The data will be kept for a maximum period of one year, after which the data will be deleted guaranteeing a total respect to confidentiality, both in the treatment and in its subsequent destruction. In this sense, once the aforementioned deadline has elapsed, and if you wish to continue participating in the selection processes of the Responsible Party, please resubmit your CV.<\/p>\n<p>The data may be processed and\/or communicated to the member companies of our group during the time of conservation of the curriculum and for the same purposes previously reported.<\/p>\n<h3><strong>BLUEPHAGE SL BLOG SUBSCRIPTION<\/strong><\/h3>\n<p>In the event that the User subscribes to the blog, we inform you that the information provided will be processed to manage your subscription to the information blog with update notices and that it will be kept until there is a mutual interest to arrive to the end of the treatment. When it is no longer necessary for that purpose, they will be eliminated with adequate security measures to guarantee the pseudonymization of the data or the total destruction of the data. The data will not be communicated to third parties, except where there is a legal obligation to do so.<\/p>\n<h3><strong>FORUM PARTICIPATION<\/strong><\/h3>\n<p>In the event that the User wants to participate in the web forums, we inform him that the data provided will be treated to regulate the participation in it. Any registration or transmission of personal data provided by the User in this forum implies the unambiguous knowledge and acceptance of the Legal Notice and the Privacy Policy set forth on the website. The data will be kept as long as there is a mutual interest to arrive at the end of the treatment and when it is no longer necessary for that purpose, it will be suppressed with adequate security measures to guarantee the pseudonymization of the data or total destruction of the data. The publications will be publicly displayed to Users of the online forum.<\/p>\n<h3><strong>TESTIMONY PUBLICATION<\/strong><\/h3>\n<p>In the event that the User wants to publish their opinion on the web, we inform you that the information provided will be appraised to address the proposed suggestions, experiences, or opinions regarding the products and\/or services in order to be published on the website in pursuance of helping other users. The data will be kept as long as there is a mutual interest to maintain until the end of the accord and when it is no longer necessary for that purpose, it will be suppressed with adequate security measures to guarantee the pseudonymization of the data or total destruction of the data. The testimonies will be published on our website. The only personal data that will be published in regards to the testimony author will be its name.<\/p>\n<h3><strong>CHANGES IN THIS PRIVACY POLICY<\/strong><\/h3>\n<p><strong>BLUEPHAGE SL<\/strong> reserves the right to modify the current policy in order to adapt it to new legislation or jurisprudence.<\/p>\n<h3><strong>COMMERCIAL MAIL<\/strong><\/h3>\n<p><strong>BLUEPHAGE SL<\/strong> reserves the right to modify the current policy in order to adapt it to new legislation or jurisprudence.<\/p>\n<p>According to the LSSICE, <strong>BLUEPHAGE SL<\/strong> does not perform SPAM practices, therefore, it does not send commercial e-mails that have not been previously requested or authorized by the User. Consequently, in each of the forms of the Web Page, the User has the possibility of giving his express consent to receive our Bulletin e-mails, independently of the commercial information punctually requested.<\/p>\n<h3><strong>LEGISLATION<\/strong><\/h3>\n<p>For all purposes, the relations between <strong>BLUEPHAGE SL<\/strong> and the Users of its telematic services, present on this Website, are subject to the Spanish legislation and jurisdiction to which the parties expressly submit, being competent for the resolution of all disputes arising or related to their use the Courts of <strong>Barcelona<\/strong>.<\/p>\n<p>[\/et_pb_text][\/et_pb_column][\/et_pb_row][\/et_pb_section]<\/p>\n","protected":false},"excerpt":{"rendered":"<p>Privacy Policy In compliance with Chapter II of Act 34\/2002, LSSICE, we inform you that this Website is the property of BLUEPHAGE SL, henceforth also of the Provider, with address in C\/ Gav\u00e0 4, 2-2a, 08820 el Prat de Llobregat (Barcelona), and email: info@bluephage.com. BLUEPHAGE SL, is responsible for this Website and in accordance with [&hellip;]<\/p>\n","protected":false},"author":1,"featured_media":0,"parent":0,"menu_order":0,"comment_status":"closed","ping_status":"open","template":"","meta":{"_et_pb_use_builder":"on","_et_pb_old_content":"<h2>Qui\u00e9nes somos<\/h2>\r\nLa direcci\u00f3n de nuestra web es: https:\/\/coliphages.com.\r\n<h2>Qu\u00e9 datos personales recogemos y por qu\u00e9 los recogemos<\/h2>\r\n<h3>Comentarios<\/h3>\r\nCuando los visitantes dejan comentarios en la web, recopilamos los datos que se muestran en el formulario de comentarios, as\u00ed como la direcci\u00f3n IP del visitante y la cadena de agentes de usuario del navegador para ayudar a la detecci\u00f3n de spam.\r\n\r\nUna cadena an\u00f3nima creada a partir de tu direcci\u00f3n de correo electr\u00f3nico (tambi\u00e9n llamada hash) puede ser proporcionada al servicio de Gravatar para ver si la est\u00e1s usando. La pol\u00edtica de privacidad del servicio Gravatar est\u00e1 disponible aqu\u00ed: https:\/\/automattic.com\/privacy\/. Despu\u00e9s de la aprobaci\u00f3n de tu comentario, la imagen de tu perfil es visible para el p\u00fablico en el contexto de su comentario.\r\n<h3>Medios<\/h3>\r\nSi subes im\u00e1genes a la web deber\u00edas evitar subir im\u00e1genes con datos de ubicaci\u00f3n (GPS EXIF) incluidos. Los visitantes de la web pueden descargar y extraer cualquier dato de localizaci\u00f3n de las im\u00e1genes de la web.\r\n<h3>Formularios de contacto<\/h3>\r\n<h3>Cookies<\/h3>\r\nSi dejas un comentario en nuestro sitio puedes elegir guardar tu nombre, direcci\u00f3n de correo electr\u00f3nico y web en cookies. Esto es para tu comodidad, para que no tengas que volver a rellenar tus datos cuando dejes otro comentario. Estas cookies tendr\u00e1n una duraci\u00f3n de un a\u00f1o.\r\n\r\nSi tienes una cuenta y te conectas a este sitio, instalaremos una cookie temporal para determinar si tu navegador acepta cookies. Esta cookie no contiene datos personales y se elimina al cerrar el navegador.\r\n\r\nCuando inicias sesi\u00f3n, tambi\u00e9n instalaremos varias cookies para guardar tu informaci\u00f3n de inicio de sesi\u00f3n y tus opciones de visualizaci\u00f3n de pantalla. Las cookies de inicio de sesi\u00f3n duran dos d\u00edas, y las cookies de opciones de pantalla duran un a\u00f1o. Si seleccionas \"Recordarme\", tu inicio de sesi\u00f3n perdurar\u00e1 durante dos semanas. Si sales de tu cuenta, las cookies de inicio de sesi\u00f3n se eliminar\u00e1n.\r\n\r\nSi editas o publicas un art\u00edculo se guardar\u00e1 una cookie adicional en tu navegador. Esta cookie no incluye datos personales y simplemente indica el ID del art\u00edculo que acabas de editar. Caduca despu\u00e9s de 1 d\u00eda.\r\n<h3>Contenido incrustado de otros sitios web<\/h3>\r\nLos art\u00edculos de este sitio pueden incluir contenido incrustado (por ejemplo, v\u00eddeos, im\u00e1genes, art\u00edculos, etc.). El contenido incrustado de otras web se comporta exactamente de la misma manera que si el visitante hubiera visitado la otra web.\r\n\r\nEstas web pueden recopilar datos sobre ti, utilizar cookies, incrustar un seguimiento adicional de terceros, y supervisar tu interacci\u00f3n con ese contenido incrustado, incluido el seguimiento de su interacci\u00f3n con el contenido incrustado si tienes una cuenta y est\u00e1s conectado a esa web.\r\n<h3>Anal\u00edtica<\/h3>\r\n<h2>Con qui\u00e9n compartimos tus datos<\/h2>\r\n<h2>Cu\u00e1nto tiempo conservamos tus datos<\/h2>\r\nSi dejas un comentario, el comentario y sus metadatos se conservan indefinidamente. Esto es para que podamos reconocer y aprobar comentarios sucesivos autom\u00e1ticamente en lugar de mantenerlos en una cola de moderaci\u00f3n.\r\n\r\nDe los usuarios que se registran en nuestra web (si los hay), tambi\u00e9n almacenamos la informaci\u00f3n personal que proporcionan en su perfil de usuario. Todos los usuarios pueden ver, editar o eliminar su informaci\u00f3n personal en cualquier momento (excepto que no pueden cambiar su nombre de usuario). Los administradores de la web tambi\u00e9n pueden ver y editar esa informaci\u00f3n.\r\n<h2>Qu\u00e9 derechos tienes sobre tus datos<\/h2>\r\nSi tienes una cuenta o has dejado comentarios en esta web, puedes solicitar recibir un archivo de exportaci\u00f3n de los datos personales que tenemos sobre ti, incluyendo cualquier dato que nos hayas proporcionado. Tambi\u00e9n puedes solicitar que eliminemos cualquier dato personal que tengamos sobre ti. Esto no incluye ning\u00fan dato que estemos obligados a conservar con fines administrativos, legales o de seguridad.\r\n<h2>D\u00f3nde enviamos tus datos<\/h2>\r\nLos comentarios de los visitantes puede que los revise un servicio de detecci\u00f3n autom\u00e1tica de spam.\r\n<h2>Tu informaci\u00f3n de contacto<\/h2>\r\n<h2>Informaci\u00f3n adicional<\/h2>\r\n<h3>C\u00f3mo protegemos tus datos<\/h3>\r\n<h3>Qu\u00e9 procedimientos utilizamos contra las brechas de datos<\/h3>\r\n<h3>De qu\u00e9 terceros recibimos datos<\/h3>\r\n<h3>Qu\u00e9 tipo de toma de decisiones automatizada y\/o perfilado hacemos con los datos del usuario<\/h3>\r\n<h3>Requerimientos regulatorios de revelaci\u00f3n de informaci\u00f3n del sector<\/h3>","_et_gb_content_width":"","_monsterinsights_skip_tracking":false,"_monsterinsights_sitenote_active":false,"_monsterinsights_sitenote_note":"","_monsterinsights_sitenote_category":0,"footnotes":""},"class_list":["post-3","page","type-page","status-publish","hentry"],"_links":{"self":[{"href":"https:\/\/coliphages.com\/index.php\/wp-json\/wp\/v2\/pages\/3","targetHints":{"allow":["GET"]}}],"collection":[{"href":"https:\/\/coliphages.com\/index.php\/wp-json\/wp\/v2\/pages"}],"about":[{"href":"https:\/\/coliphages.com\/index.php\/wp-json\/wp\/v2\/types\/page"}],"author":[{"embeddable":true,"href":"https:\/\/coliphages.com\/index.php\/wp-json\/wp\/v2\/users\/1"}],"replies":[{"embeddable":true,"href":"https:\/\/coliphages.com\/index.php\/wp-json\/wp\/v2\/comments?post=3"}],"version-history":[{"count":5,"href":"https:\/\/coliphages.com\/index.php\/wp-json\/wp\/v2\/pages\/3\/revisions"}],"predecessor-version":[{"id":478,"href":"https:\/\/coliphages.com\/index.php\/wp-json\/wp\/v2\/pages\/3\/revisions\/478"}],"wp:attachment":[{"href":"https:\/\/coliphages.com\/index.php\/wp-json\/wp\/v2\/media?parent=3"}],"curies":[{"name":"wp","href":"https:\/\/api.w.org\/{rel}","templated":true}]}}